
{"id":928,"date":"2024-06-10T16:54:36","date_gmt":"2024-06-10T14:54:36","guid":{"rendered":"http:\/\/u217759.webh.me\/?page_id=928"},"modified":"2025-05-30T15:36:38","modified_gmt":"2025-05-30T13:36:38","slug":"raporty-sprawozdania-i-oswiadczenia","status":"publish","type":"page","link":"https:\/\/bip.cmradzymin.pl\/index.php\/raporty-sprawozdania-i-oswiadczenia\/","title":{"rendered":"Raporty, sprawozdania i o\u015bwiadczenia"},"content":{"rendered":"<section class=\"wpb-content-wrapper\"><div class=\"pdfprnt-buttons pdfprnt-buttons-page pdfprnt-top-right\"><a href=\"https:\/\/bip.cmradzymin.pl\/index.php\/wp-json\/wp\/v2\/pages\/928?print=pdf\" class=\"pdfprnt-button pdfprnt-button-pdf\" target=\"_blank\"><img decoding=\"async\" src=\"https:\/\/bip.cmradzymin.pl\/wp-content\/plugins\/pdf-print\/images\/pdf.png\" alt=\"image_pdf\" title=\"Download PDF\" \/><\/a><a href=\"https:\/\/bip.cmradzymin.pl\/index.php\/wp-json\/wp\/v2\/pages\/928?print=print\" class=\"pdfprnt-button pdfprnt-button-print\" target=\"_blank\"><img decoding=\"async\" src=\"https:\/\/bip.cmradzymin.pl\/wp-content\/plugins\/pdf-print\/images\/print.png\" alt=\"image_print\" title=\"Print Content\" \/><\/a><\/div><p>[vc_row][vc_column][vc_column_text]Raporty, sprawozdania i o\u015bwiadczenia[\/vc_column_text][\/vc_column][\/vc_row][vc_row][vc_column][vc_column_text]\r\n\r\n\t\t\t<div class=\"download-attachments\">\r\n\t\r\n\t\t\t<h3 class=\"download-title\">Pliki do pobrania<\/h3>\t\r\n\r\n\r\n\r\n\t<ul class=\"da-attachments-list\">\r\n\r\n\t\r\n\t\t\r\n\t\t<li class=\"pdf\">\r\n\r\n\t\t\t\r\n\t\t\t\t\t\t\t<img decoding=\"async\" class=\"attachment-icon\" src=\"https:\/\/bip.cmradzymin.pl\/wp-content\/plugins\/download-attachments\/images\/ext\/pdf.gif\" alt=\"pdf\" \/>\r\n\t\t\t\r\n\t\t\t\r\n\t\t\t<a href=\"https:\/\/bip.cmradzymin.pl\/wp-content\/plugins\/download-attachments\/includes\/download.php?id=2185\" title=\"Raport o sytuacji ekonomiczno-finansowej za 2024 rok\" class=\"attachment-link\" target=\"_blank\">Raport o sytuacji ekonomiczno-finansowej za 2024 rok<\/a>\r\n\t\t\t\r\n\t\t\t<br \/>\r\n\r\n\t\t\t\r\n\t\t\t\r\n\t\t\t\t\t\t\t<span class=\"attachment-date\"><span class=\"attachment-label\">Data dodania:<\/span> 2025-05-30 15:28<\/span>\r\n\t\t\t\r\n\t\t\t\t\t\t\t<span class=\"attachment-user\"><span class=\"attachment-label\">Dodany przez:<\/span> Anna Orli\u0144ska<\/span>\r\n\t\t\t\r\n\t\t\t\t\t\t\t<span class=\"attachment-size\"><span class=\"attachment-label\">Wielko\u015b\u0107 pliku:<\/span> 10 MB<\/span>\r\n\t\t\t\r\n\t\t\t\r\n\t\t<\/li>\r\n\r\n\t\r\n\t\t\r\n\t\t<li class=\"pdf\">\r\n\r\n\t\t\t\r\n\t\t\t\t\t\t\t<img decoding=\"async\" class=\"attachment-icon\" src=\"https:\/\/bip.cmradzymin.pl\/wp-content\/plugins\/download-attachments\/images\/ext\/pdf.gif\" alt=\"pdf\" \/>\r\n\t\t\t\r\n\t\t\t\r\n\t\t\t<a href=\"https:\/\/bip.cmradzymin.pl\/wp-content\/plugins\/download-attachments\/includes\/download.php?id=933\" title=\"Raport o sytuacji ekonomiczni-finansowej za 2023\" class=\"attachment-link\" target=\"_blank\">Raport o sytuacji ekonomiczni-finansowej za 2023<\/a>\r\n\t\t\t\r\n\t\t\t<br \/>\r\n\r\n\t\t\t\r\n\t\t\t\r\n\t\t\t\t\t\t\t<span class=\"attachment-date\"><span class=\"attachment-label\">Data dodania:<\/span> 2024-06-10 16:51<\/span>\r\n\t\t\t\r\n\t\t\t\t\t\t\t<span class=\"attachment-user\"><span class=\"attachment-label\">Dodany przez:<\/span> admin_bipcmr<\/span>\r\n\t\t\t\r\n\t\t\t\t\t\t\t<span class=\"attachment-size\"><span class=\"attachment-label\">Wielko\u015b\u0107 pliku:<\/span> 11 MB<\/span>\r\n\t\t\t\r\n\t\t\t\r\n\t\t<\/li>\r\n\r\n\t\r\n\t\t\r\n\t\t<li class=\"pdf\">\r\n\r\n\t\t\t\r\n\t\t\t\t\t\t\t<img decoding=\"async\" class=\"attachment-icon\" src=\"https:\/\/bip.cmradzymin.pl\/wp-content\/plugins\/download-attachments\/images\/ext\/pdf.gif\" alt=\"pdf\" \/>\r\n\t\t\t\r\n\t\t\t\r\n\t\t\t<a href=\"https:\/\/bip.cmradzymin.pl\/wp-content\/plugins\/download-attachments\/includes\/download.php?id=935\" title=\"Raport o sytuacji ekonomiczno-finansowej za 2022\" class=\"attachment-link\" target=\"_blank\">Raport o sytuacji ekonomiczno-finansowej za 2022<\/a>\r\n\t\t\t\r\n\t\t\t<br \/>\r\n\r\n\t\t\t\r\n\t\t\t\r\n\t\t\t\t\t\t\t<span class=\"attachment-date\"><span class=\"attachment-label\">Data dodania:<\/span> 2024-06-10 16:51<\/span>\r\n\t\t\t\r\n\t\t\t\t\t\t\t<span class=\"attachment-user\"><span class=\"attachment-label\">Dodany przez:<\/span> admin_bipcmr<\/span>\r\n\t\t\t\r\n\t\t\t\t\t\t\t<span class=\"attachment-size\"><span class=\"attachment-label\">Wielko\u015b\u0107 pliku:<\/span> 4 MB<\/span>\r\n\t\t\t\r\n\t\t\t\r\n\t\t<\/li>\r\n\r\n\t\r\n\t\t\r\n\t\t<li class=\"pdf\">\r\n\r\n\t\t\t\r\n\t\t\t\t\t\t\t<img decoding=\"async\" class=\"attachment-icon\" src=\"https:\/\/bip.cmradzymin.pl\/wp-content\/plugins\/download-attachments\/images\/ext\/pdf.gif\" alt=\"pdf\" \/>\r\n\t\t\t\r\n\t\t\t\r\n\t\t\t<a href=\"https:\/\/bip.cmradzymin.pl\/wp-content\/plugins\/download-attachments\/includes\/download.php?id=931\" title=\"Raport o styuacji ekonimiczno-finansowej za 2021\" class=\"attachment-link\" target=\"_blank\">Raport o styuacji ekonimiczno-finansowej za 2021<\/a>\r\n\t\t\t\r\n\t\t\t<br \/>\r\n\r\n\t\t\t\r\n\t\t\t\r\n\t\t\t\t\t\t\t<span class=\"attachment-date\"><span class=\"attachment-label\">Data dodania:<\/span> 2024-06-10 16:51<\/span>\r\n\t\t\t\r\n\t\t\t\t\t\t\t<span class=\"attachment-user\"><span class=\"attachment-label\">Dodany przez:<\/span> admin_bipcmr<\/span>\r\n\t\t\t\r\n\t\t\t\t\t\t\t<span class=\"attachment-size\"><span class=\"attachment-label\">Wielko\u015b\u0107 pliku:<\/span> 4 MB<\/span>\r\n\t\t\t\r\n\t\t\t\r\n\t\t<\/li>\r\n\r\n\t\r\n\t\t\r\n\t\t<li class=\"pdf\">\r\n\r\n\t\t\t\r\n\t\t\t\t\t\t\t<img decoding=\"async\" class=\"attachment-icon\" src=\"https:\/\/bip.cmradzymin.pl\/wp-content\/plugins\/download-attachments\/images\/ext\/pdf.gif\" alt=\"pdf\" \/>\r\n\t\t\t\r\n\t\t\t\r\n\t\t\t<a href=\"https:\/\/bip.cmradzymin.pl\/wp-content\/plugins\/download-attachments\/includes\/download.php?id=937\" title=\"Sprawozdanie finansowe za rok obrotowy 2021\" class=\"attachment-link\" target=\"_blank\">Sprawozdanie finansowe za rok obrotowy 2021<\/a>\r\n\t\t\t\r\n\t\t\t<br \/>\r\n\r\n\t\t\t\r\n\t\t\t\r\n\t\t\t\t\t\t\t<span class=\"attachment-date\"><span class=\"attachment-label\">Data dodania:<\/span> 2024-06-10 16:51<\/span>\r\n\t\t\t\r\n\t\t\t\t\t\t\t<span class=\"attachment-user\"><span class=\"attachment-label\">Dodany przez:<\/span> admin_bipcmr<\/span>\r\n\t\t\t\r\n\t\t\t\t\t\t\t<span class=\"attachment-size\"><span class=\"attachment-label\">Wielko\u015b\u0107 pliku:<\/span> 27 MB<\/span>\r\n\t\t\t\r\n\t\t\t\r\n\t\t<\/li>\r\n\r\n\t\r\n\t<\/ul>\r\n\r\n\r\n\r\n\t<\/div>\r\n[\/vc_column_text][vc_column_text]<hr class=\"hr_metryka\"><h4>\tMetryka<\/h4> <strong>Informacj\u0119 udost\u0119pni\u0142:<\/strong> Centrum Medyczne im. Bitwy Warszawskie 1920 r w Radzyminie<br \/>\tSamodzielny Publiczny Zesp\u00f3\u0142 Zak\u0142ad\u00f3w Opieki Zdrowotnej<br \/>\t<strong>Wytwarzaj\u0105cy \/ odpowiadaj\u0105cy:<\/strong> admin_bipcmr <br \/>\t<strong>Informacj\u0119 wprowadzi\u0142:<\/strong> admin_bipcmr <br \/>\t<strong>Data publikacji:<\/strong> 2024-06-10  <br \/>\t<strong>Ostatnia modyfikacja:<\/strong> 2025-05-30 15:36 przez Anna Orli\u0144ska <\/p>\n<div class=\"post-views content-post post-928 entry-meta\">\r\n\t\t\t\t<span class=\"post-views-label\">Ilo\u015b\u0107 wy\u015bwietle\u0144 strony:<\/span> <span class=\"post-views-count\">390<\/span>\r\n\t\t\t<\/div>[\/vc_column_text][\/vc_column][\/vc_row]<\/p>\n<\/section>","protected":false},"excerpt":{"rendered":"<p>[vc_row][vc_column][vc_column_text]Raporty, sprawozdania i o\u015bwiadczenia[\/vc_column_text][\/vc_column][\/vc_row][vc_row][vc_column][vc_column_text][\/vc_column_text][vc_column_text] [\/vc_column_text][\/vc_column][\/vc_row]<\/p>\n","protected":false},"author":1,"featured_media":0,"parent":0,"menu_order":0,"comment_status":"closed","ping_status":"closed","template":"","meta":{"_lmt_disableupdate":"no","_lmt_disable":"","footnotes":""},"_links":{"self":[{"href":"https:\/\/bip.cmradzymin.pl\/index.php\/wp-json\/wp\/v2\/pages\/928"}],"collection":[{"href":"https:\/\/bip.cmradzymin.pl\/index.php\/wp-json\/wp\/v2\/pages"}],"about":[{"href":"https:\/\/bip.cmradzymin.pl\/index.php\/wp-json\/wp\/v2\/types\/page"}],"author":[{"embeddable":true,"href":"https:\/\/bip.cmradzymin.pl\/index.php\/wp-json\/wp\/v2\/users\/1"}],"replies":[{"embeddable":true,"href":"https:\/\/bip.cmradzymin.pl\/index.php\/wp-json\/wp\/v2\/comments?post=928"}],"version-history":[{"count":1,"href":"https:\/\/bip.cmradzymin.pl\/index.php\/wp-json\/wp\/v2\/pages\/928\/revisions"}],"predecessor-version":[{"id":948,"href":"https:\/\/bip.cmradzymin.pl\/index.php\/wp-json\/wp\/v2\/pages\/928\/revisions\/948"}],"wp:attachment":[{"href":"https:\/\/bip.cmradzymin.pl\/index.php\/wp-json\/wp\/v2\/media?parent=928"}],"curies":[{"name":"wp","href":"https:\/\/api.w.org\/{rel}","templated":true}]}}