
{"id":77,"date":"2023-07-13T01:13:07","date_gmt":"2023-07-12T23:13:07","guid":{"rendered":"https:\/\/egjqvnkxjq.cfolks.pl\/cmrbip\/?page_id=77"},"modified":"2023-07-23T16:49:29","modified_gmt":"2023-07-23T14:49:29","slug":"projekty-unijne-inwestycje","status":"publish","type":"page","link":"https:\/\/bip.cmradzymin.pl\/index.php\/projekty-unijne-inwestycje\/","title":{"rendered":"Projekty Unijne \/ Inwestycje"},"content":{"rendered":"<section class=\"wpb-content-wrapper\"><div class=\"pdfprnt-buttons pdfprnt-buttons-page pdfprnt-top-right\"><a href=\"https:\/\/bip.cmradzymin.pl\/index.php\/wp-json\/wp\/v2\/pages\/77?print=pdf\" class=\"pdfprnt-button pdfprnt-button-pdf\" target=\"_blank\"><img decoding=\"async\" src=\"https:\/\/bip.cmradzymin.pl\/wp-content\/plugins\/pdf-print\/images\/pdf.png\" alt=\"image_pdf\" title=\"Download PDF\" \/><\/a><a href=\"https:\/\/bip.cmradzymin.pl\/index.php\/wp-json\/wp\/v2\/pages\/77?print=print\" class=\"pdfprnt-button pdfprnt-button-print\" target=\"_blank\"><img decoding=\"async\" src=\"https:\/\/bip.cmradzymin.pl\/wp-content\/plugins\/pdf-print\/images\/print.png\" alt=\"image_print\" title=\"Print Content\" \/><\/a><\/div><p>[vc_row][vc_column]<style type=\"text\/css\" data-type=\"the7_shortcodes-inline-css\">.blog-shortcode.blog-list-shortcode-id-11b6f1973b010a3e58c6b434b04e3d5d.dividers-on.classic-layout-list article {\n  margin-top: 20px;\n  padding-top: 0;\n  border-color: #3f3f3f;\n}\n.blog-shortcode.blog-list-shortcode-id-11b6f1973b010a3e58c6b434b04e3d5d.dividers-on.classic-layout-list article:first-of-type {\n  margin-top: 0;\n  padding-top: 0;\n}\n.blog-shortcode.blog-list-shortcode-id-11b6f1973b010a3e58c6b434b04e3d5d.classic-layout-list.mode-list .post-thumbnail-wrap {\n  width: 50%;\n}\n.blog-shortcode.blog-list-shortcode-id-11b6f1973b010a3e58c6b434b04e3d5d.classic-layout-list.mode-list .post-entry-content {\n  width: calc(100% - 50%);\n}\n.blog-shortcode.blog-list-shortcode-id-11b6f1973b010a3e58c6b434b04e3d5d.classic-layout-list.mode-list .no-img .post-entry-content {\n  width: 100%;\n}\n.blog-shortcode.blog-list-shortcode-id-11b6f1973b010a3e58c6b434b04e3d5d .filter-bg-decoration .filter-categories a.act {\n  color: #fff;\n}\n.blog-shortcode.blog-list-shortcode-id-11b6f1973b010a3e58c6b434b04e3d5d:not(.mode-masonry) article {\n  margin-top: 20px;\n}\n.blog-shortcode.blog-list-shortcode-id-11b6f1973b010a3e58c6b434b04e3d5d:not(.mode-masonry) article:first-of-type,\n.blog-shortcode.blog-list-shortcode-id-11b6f1973b010a3e58c6b434b04e3d5d:not(.mode-masonry) article.visible.first:not(.product) {\n  margin-top: 0;\n}\n.blog-shortcode.blog-list-shortcode-id-11b6f1973b010a3e58c6b434b04e3d5d.dividers-on:not(.mode-masonry) article {\n  margin-top: 0;\n  padding-top: 20px;\n}\n.blog-shortcode.blog-list-shortcode-id-11b6f1973b010a3e58c6b434b04e3d5d.dividers-on:not(.mode-masonry) article:first-of-type,\n.blog-shortcode.blog-list-shortcode-id-11b6f1973b010a3e58c6b434b04e3d5d.dividers-on:not(.mode-masonry) article.visible.first:not(.product) {\n  margin-top: 0;\n  padding-top: 0;\n}\n.blog-shortcode.blog-list-shortcode-id-11b6f1973b010a3e58c6b434b04e3d5d .post-thumbnail-wrap {\n  padding: 0px 0px 0px 0px;\n}\n.blog-shortcode.blog-list-shortcode-id-11b6f1973b010a3e58c6b434b04e3d5d.enable-bg-rollover .post-thumbnail-rollover:after {\n  background: -webkit-linear-gradient();\n  background: linear-gradient();\n}\n.blog-shortcode.blog-list-shortcode-id-11b6f1973b010a3e58c6b434b04e3d5d .gallery-zoom-ico {\n  width: 44px;\n  height: 44px;\n  line-height: 44px;\n  border-radius: 100px;\n  margin: -22px 0 0 -22px;\n  border-width: 0px;\n  color: #ffffff;\n}\n.bottom-overlap-layout-list.blog-shortcode.blog-list-shortcode-id-11b6f1973b010a3e58c6b434b04e3d5d .gallery-zoom-ico {\n  margin-top: -22px;\n}\n.gradient-overlay-layout-list.blog-shortcode.blog-list-shortcode-id-11b6f1973b010a3e58c6b434b04e3d5d .gallery-zoom-ico,\n.content-rollover-layout-list.blog-shortcode.blog-list-shortcode-id-11b6f1973b010a3e58c6b434b04e3d5d .gallery-zoom-ico {\n  margin: 0 0 10px;\n}\n.content-align-center.gradient-overlay-layout-list.blog-shortcode.blog-list-shortcode-id-11b6f1973b010a3e58c6b434b04e3d5d .gallery-zoom-ico,\n.content-align-center.content-rollover-layout-list.blog-shortcode.blog-list-shortcode-id-11b6f1973b010a3e58c6b434b04e3d5d .gallery-zoom-ico {\n  margin: 0 auto 10px;\n}\n.dt-icon-bg-on.blog-shortcode.blog-list-shortcode-id-11b6f1973b010a3e58c6b434b04e3d5d .gallery-zoom-ico {\n  background: rgba(255,255,255,0.3);\n  box-shadow: none;\n}\n.blog-shortcode.blog-list-shortcode-id-11b6f1973b010a3e58c6b434b04e3d5d .gallery-zoom-ico > span,\n.blog-shortcode.blog-list-shortcode-id-11b6f1973b010a3e58c6b434b04e3d5d .gallery-zoom-ico:before {\n  font-size: 32px;\n  line-height: 44px;\n}\n.blog-shortcode.blog-list-shortcode-id-11b6f1973b010a3e58c6b434b04e3d5d .gallery-zoom-ico > span,\n.blog-shortcode.blog-list-shortcode-id-11b6f1973b010a3e58c6b434b04e3d5d .gallery-zoom-ico:before {\n  color: #ffffff;\n}\n.blog-shortcode.blog-list-shortcode-id-11b6f1973b010a3e58c6b434b04e3d5d .fancy-date a {\n  background: #ffffff;\n  box-shadow: none;\n}\n.blog-shortcode.blog-list-shortcode-id-11b6f1973b010a3e58c6b434b04e3d5d .fancy-date a * {\n  color: #2d2d2d;\n}\n.blog-shortcode.blog-list-shortcode-id-11b6f1973b010a3e58c6b434b04e3d5d .entry-title,\n.blog-shortcode.blog-list-shortcode-id-11b6f1973b010a3e58c6b434b04e3d5d.owl-carousel .entry-title {\n  margin-bottom: 5px;\n  font-weight: bold;\n}\n.blog-shortcode.blog-list-shortcode-id-11b6f1973b010a3e58c6b434b04e3d5d .entry-meta {\n  margin-bottom: 15px;\n}\n.blog-shortcode.blog-list-shortcode-id-11b6f1973b010a3e58c6b434b04e3d5d .portfolio-categories {\n  margin-bottom: 15px;\n}\n.blog-shortcode.blog-list-shortcode-id-11b6f1973b010a3e58c6b434b04e3d5d .entry-excerpt {\n  margin-bottom: 5px;\n}\n.blog-shortcode.blog-list-shortcode-id-11b6f1973b010a3e58c6b434b04e3d5d:not(.centered-layout-list) .post-entry-content {\n  padding: 15px 20px 40px 0px;\n}\n.blog-shortcode.blog-list-shortcode-id-11b6f1973b010a3e58c6b434b04e3d5d:not(.centered-layout-list):not(.content-bg-on):not(.mode-list) .no-img .post-entry-content {\n  padding: 0;\n}\n@media screen and (max-width: 768px) {\n  .blog-shortcode.blog-list-shortcode-id-11b6f1973b010a3e58c6b434b04e3d5d article {\n    -ms-flex-flow: column nowrap;\n    flex-flow: column nowrap;\n    margin-top: 20px;\n  }\n  .blog-shortcode.blog-list-shortcode-id-11b6f1973b010a3e58c6b434b04e3d5d.dividers-on article {\n    border: none;\n  }\n  .blog-shortcode.blog-list-shortcode-id-11b6f1973b010a3e58c6b434b04e3d5d.content-bg-on.centered-layout-list article {\n    padding: 0;\n  }\n  .blog-shortcode.blog-list-shortcode-id-11b6f1973b010a3e58c6b434b04e3d5d.blog-shortcode.dividers-on article,\n  .blog-shortcode.blog-list-shortcode-id-11b6f1973b010a3e58c6b434b04e3d5d.dividers-on.classic-layout-list article {\n    margin-top: 20px;\n    padding: 0;\n  }\n  .blog-shortcode.blog-list-shortcode-id-11b6f1973b010a3e58c6b434b04e3d5d.blog-shortcode.dividers-on article:first-of-type,\n  .blog-shortcode.blog-list-shortcode-id-11b6f1973b010a3e58c6b434b04e3d5d.dividers-on.classic-layout-list article:first-of-type {\n    padding: 0;\n  }\n  #page .blog-shortcode.blog-list-shortcode-id-11b6f1973b010a3e58c6b434b04e3d5d .post-thumbnail-wrap,\n  #page .blog-shortcode.blog-list-shortcode-id-11b6f1973b010a3e58c6b434b04e3d5d .post-entry-content {\n    width: 100%;\n    margin: 0;\n    top: 0;\n  }\n  #page .blog-shortcode.blog-list-shortcode-id-11b6f1973b010a3e58c6b434b04e3d5d .post-thumbnail-wrap {\n    padding: 0;\n  }\n  #page .blog-shortcode.blog-list-shortcode-id-11b6f1973b010a3e58c6b434b04e3d5d .post-entry-content:after {\n    display: none;\n  }\n  #page .blog-shortcode.blog-list-shortcode-id-11b6f1973b010a3e58c6b434b04e3d5d .project-even .post-thumbnail-wrap,\n  #page .blog-shortcode.blog-list-shortcode-id-11b6f1973b010a3e58c6b434b04e3d5d.centered-layout-list .post-thumbnail-wrap {\n    -ms-flex-order: 0;\n    order: 0;\n  }\n  #page .blog-shortcode.blog-list-shortcode-id-11b6f1973b010a3e58c6b434b04e3d5d.centered-layout-list .post-entry-title-content {\n    -ms-flex-order: 1;\n    order: 1;\n    width: 100%;\n    padding: 20px 20px 0;\n  }\n  #page .blog-shortcode.blog-list-shortcode-id-11b6f1973b010a3e58c6b434b04e3d5d.centered-layout-list .post-entry-content {\n    -ms-flex-order: 2;\n    order: 2;\n    padding-top: 0;\n  }\n  #page .blog-shortcode.blog-list-shortcode-id-11b6f1973b010a3e58c6b434b04e3d5d .fancy-categories {\n    top: 10px;\n    left: 10px;\n    bottom: auto;\n    right: auto;\n  }\n  #page .blog-shortcode.blog-list-shortcode-id-11b6f1973b010a3e58c6b434b04e3d5d .fancy-date a {\n    top: 10px;\n    right: 10px;\n    left: auto;\n    bottom: auto;\n  }\n  #page .blog-shortcode.blog-list-shortcode-id-11b6f1973b010a3e58c6b434b04e3d5d .post-entry-content {\n    padding: 20px;\n  }\n  #page .blog-shortcode.blog-list-shortcode-id-11b6f1973b010a3e58c6b434b04e3d5d .entry-title {\n    margin: 3px 0 5px;\n    font-size: 20px;\n    line-height: 26px;\n  }\n  #page .blog-shortcode.blog-list-shortcode-id-11b6f1973b010a3e58c6b434b04e3d5d .entry-meta {\n    margin: 5px 0 5px;\n  }\n  #page .blog-shortcode.blog-list-shortcode-id-11b6f1973b010a3e58c6b434b04e3d5d .entry-excerpt {\n    margin: 15px 0 0;\n  }\n  #page .blog-shortcode.blog-list-shortcode-id-11b6f1973b010a3e58c6b434b04e3d5d .post-details {\n    margin: 5px 0 10px;\n  }\n  #page .blog-shortcode.blog-list-shortcode-id-11b6f1973b010a3e58c6b434b04e3d5d .post-details.details-type-link {\n    margin-bottom: 2px;\n  }\n}\n<\/style><div class=\"articles-list blog-shortcode mode-list blog-list-shortcode-id-11b6f1973b010a3e58c6b434b04e3d5d classic-layout-list dividers-on jquery-filter scale-img dt-icon-bg-off loading-effect-fade-in\" data-cur-page=\"1\" data-post-limit=\"-1\" data-pagination-mode=\"none\"><article class=\"post project-odd visible no-img post-358 type-post status-publish format-standard hentry category-projekty-unijne category-21 description-off\" data-name=\"Informatyzacja publicznych us\u0142ug medycznych jako przeciwdzia\u0142anie wykluczeniu informacyjnemu mieszka\u0144c\u00f3w Miasta i Gminy Radzymin\" data-date=\"2023-07-20T01:13:29+02:00\">\n\n<div class=\"post-entry-content\">\n\n\t<h3 class=\"entry-title\">\n\t\t<a href=\"https:\/\/bip.cmradzymin.pl\/index.php\/2023\/07\/20\/informatyzacja-publicznych-uslug-medycznych-jako-przeciwdzialanie-wykluczeniu-informacyjnemu-mieszkancow-miasta-i-gminy-radzymin\/\" title=\"Informatyzacja publicznych us\u0142ug medycznych jako przeciwdzia\u0142anie wykluczeniu informacyjnemu mieszka\u0144c\u00f3w Miasta i Gminy Radzymin\" rel=\"bookmark\">Informatyzacja publicznych us\u0142ug medycznych jako przeciwdzia\u0142anie wykluczeniu informacyjnemu mieszka\u0144c\u00f3w Miasta i Gminy Radzymin<\/a>\n\t<\/h3>\n\n\t<div class=\"entry-meta\"><span class=\"category-link\"><a href=\"https:\/\/bip.cmradzymin.pl\/index.php\/category\/projekty-unijne\/\" >Projekty Unijne<\/a><\/span><a class=\"author vcard\" href=\"https:\/\/bip.cmradzymin.pl\/index.php\/author\/admin_bipcmr\/\" title=\"Zobacz wszystkie wpisy u\u017cytkownika admin_bipcmr\" rel=\"author\">Przez <span class=\"fn\">admin_bipcmr<\/span><\/a><a href=\"https:\/\/bip.cmradzymin.pl\/index.php\/2023\/07\/20\/\" title=\"01:13\" class=\"data-link\" rel=\"bookmark\"><time class=\"entry-date updated\" datetime=\"2023-07-20T01:13:29+02:00\">2023-07-20<\/time><\/a><\/div>\n\t\n\t\n<a href=\"https:\/\/bip.cmradzymin.pl\/index.php\/2023\/07\/20\/informatyzacja-publicznych-uslug-medycznych-jako-przeciwdzialanie-wykluczeniu-informacyjnemu-mieszkancow-miasta-i-gminy-radzymin\/\" class=\"post-details details-type-link\" aria-label=\"Read more about Informatyzacja publicznych us\u0142ug medycznych jako przeciwdzia\u0142anie wykluczeniu informacyjnemu mieszka\u0144c\u00f3w Miasta i Gminy Radzymin\">Czytaj wi\u0119cej<i class=\"dt-icon-the7-arrow-03\" aria-hidden=\"true\"><\/i><\/a>\n\n<\/div><\/article><article class=\"post project-odd visible no-img post-344 type-post status-publish format-standard hentry category-projekty-unijne category-21 description-off\" data-name=\"Projekt \u201eE-us\u0142ugi w SPZZOZ w Wyszkowie\u201d wsp\u00f3\u0142finansowany jest przez Uni\u0119 Europejsk\u0105 ze \u015brodk\u00f3w Europejskiego Funduszu Rozwoju Regionalnego w ramach Osi Priorytetowej II \u201eWzrost e-potencja\u0142u Mazowsza\u201d Dzia\u0142ania 2.1 \u201eE-us\u0142ugi\u201d Poddzia\u0142ania 2.1.1 \u201eE -us\u0142ugi dla Mazowsza\u201d Regionalnego Programu Operacyjnego Wojew\u00f3dztwa Mazowieckiego na lata 2014-2020\" data-date=\"2023-07-19T23:30:35+02:00\">\n\n<div class=\"post-entry-content\">\n\n\t<h3 class=\"entry-title\">\n\t\t<a href=\"https:\/\/bip.cmradzymin.pl\/index.php\/2023\/07\/19\/projekt-e-uslugi-w-spzzoz-w-wyszkowie-wspolfinansowany-jest-przez-unie-europejska-ze-srodkow-europejskiego-funduszu-rozwoju-regionalnego-w-ramach-osi-priorytetowej-ii-wzrost\/\" title=\"Projekt \u201eE-us\u0142ugi w SPZZOZ w Wyszkowie\u201d wsp\u00f3\u0142finansowany jest przez Uni\u0119 Europejsk\u0105 ze \u015brodk\u00f3w Europejskiego Funduszu Rozwoju Regionalnego w ramach Osi Priorytetowej II \u201eWzrost e-potencja\u0142u Mazowsza\u201d Dzia\u0142ania 2.1 \u201eE-us\u0142ugi\u201d Poddzia\u0142ania 2.1.1 \u201eE -us\u0142ugi dla Mazowsza\u201d Regionalnego Programu Operacyjnego Wojew\u00f3dztwa Mazowieckiego na lata 2014-2020\" rel=\"bookmark\">Projekt \u201eE-us\u0142ugi w SPZZOZ w Wyszkowie\u201d wsp\u00f3\u0142finansowany jest przez Uni\u0119 Europejsk\u0105 ze \u015brodk\u00f3w Europejskiego Funduszu Rozwoju Regionalnego w ramach Osi Priorytetowej II \u201eWzrost e-potencja\u0142u Mazowsza\u201d Dzia\u0142ania 2.1 \u201eE-us\u0142ugi\u201d Poddzia\u0142ania 2.1.1 \u201eE -us\u0142ugi dla Mazowsza\u201d Regionalnego Programu Operacyjnego Wojew\u00f3dztwa Mazowieckiego na lata 2014-2020<\/a>\n\t<\/h3>\n\n\t<div class=\"entry-meta\"><span class=\"category-link\"><a href=\"https:\/\/bip.cmradzymin.pl\/index.php\/category\/projekty-unijne\/\" >Projekty Unijne<\/a><\/span><a class=\"author vcard\" href=\"https:\/\/bip.cmradzymin.pl\/index.php\/author\/admin_bipcmr\/\" title=\"Zobacz wszystkie wpisy u\u017cytkownika admin_bipcmr\" rel=\"author\">Przez <span class=\"fn\">admin_bipcmr<\/span><\/a><a href=\"https:\/\/bip.cmradzymin.pl\/index.php\/2023\/07\/19\/\" title=\"23:30\" class=\"data-link\" rel=\"bookmark\"><time class=\"entry-date updated\" datetime=\"2023-07-19T23:30:35+02:00\">2023-07-19<\/time><\/a><\/div>\n\t\n\t\n<a href=\"https:\/\/bip.cmradzymin.pl\/index.php\/2023\/07\/19\/projekt-e-uslugi-w-spzzoz-w-wyszkowie-wspolfinansowany-jest-przez-unie-europejska-ze-srodkow-europejskiego-funduszu-rozwoju-regionalnego-w-ramach-osi-priorytetowej-ii-wzrost\/\" class=\"post-details details-type-link\" aria-label=\"Read more about Projekt \u201eE-us\u0142ugi w SPZZOZ w Wyszkowie\u201d wsp\u00f3\u0142finansowany jest przez Uni\u0119 Europejsk\u0105 ze \u015brodk\u00f3w Europejskiego Funduszu Rozwoju Regionalnego w ramach Osi Priorytetowej II \u201eWzrost e-potencja\u0142u Mazowsza\u201d Dzia\u0142ania 2.1 \u201eE-us\u0142ugi\u201d Poddzia\u0142ania 2.1.1 \u201eE -us\u0142ugi dla Mazowsza\u201d Regionalnego Programu Operacyjnego Wojew\u00f3dztwa Mazowieckiego na lata 2014-2020\">Czytaj wi\u0119cej<i class=\"dt-icon-the7-arrow-03\" aria-hidden=\"true\"><\/i><\/a>\n\n<\/div><\/article><\/div>[\/vc_column][\/vc_row][vc_row][vc_column][vc_column_text]\r\n\r\n\r\n\r\n\r\n[\/vc_column_text][vc_column_text]<hr class=\"hr_metryka\"><h4>\tMetryka<\/h4> <strong>Informacj\u0119 udost\u0119pni\u0142:<\/strong> Centrum Medyczne im. Bitwy Warszawskie 1920 r w Radzyminie<br \/>\tSamodzielny Publiczny Zesp\u00f3\u0142 Zak\u0142ad\u00f3w Opieki Zdrowotnej<br \/>\t<strong>Wytwarzaj\u0105cy \/ odpowiadaj\u0105cy:<\/strong> admin_bipcmr <br \/>\t<strong>Informacj\u0119 wprowadzi\u0142:<\/strong> admin_bipcmr <br \/>\t<strong>Data publikacji:<\/strong> 2023-07-13  <br \/>\t<strong>Ostatnia modyfikacja:<\/strong> 2023-07-23 16:49 przez admin_bipcmr <\/p>\n<div class=\"post-views content-post post-77 entry-meta\">\r\n\t\t\t\t<span class=\"post-views-label\">Ilo\u015b\u0107 wy\u015bwietle\u0144 strony:<\/span> <span class=\"post-views-count\">435<\/span>\r\n\t\t\t<\/div>[\/vc_column_text][\/vc_column][\/vc_row]<\/p>\n<\/section>","protected":false},"excerpt":{"rendered":"<p>[vc_row][vc_column][\/vc_column][\/vc_row][vc_row][vc_column][vc_column_text][\/vc_column_text][vc_column_text] [\/vc_column_text][\/vc_column][\/vc_row]<\/p>\n","protected":false},"author":1,"featured_media":0,"parent":0,"menu_order":0,"comment_status":"closed","ping_status":"closed","template":"","meta":{"_lmt_disableupdate":"no","_lmt_disable":"no","footnotes":""},"_links":{"self":[{"href":"https:\/\/bip.cmradzymin.pl\/index.php\/wp-json\/wp\/v2\/pages\/77"}],"collection":[{"href":"https:\/\/bip.cmradzymin.pl\/index.php\/wp-json\/wp\/v2\/pages"}],"about":[{"href":"https:\/\/bip.cmradzymin.pl\/index.php\/wp-json\/wp\/v2\/types\/page"}],"author":[{"embeddable":true,"href":"https:\/\/bip.cmradzymin.pl\/index.php\/wp-json\/wp\/v2\/users\/1"}],"replies":[{"embeddable":true,"href":"https:\/\/bip.cmradzymin.pl\/index.php\/wp-json\/wp\/v2\/comments?post=77"}],"version-history":[{"count":9,"href":"https:\/\/bip.cmradzymin.pl\/index.php\/wp-json\/wp\/v2\/pages\/77\/revisions"}],"predecessor-version":[{"id":723,"href":"https:\/\/bip.cmradzymin.pl\/index.php\/wp-json\/wp\/v2\/pages\/77\/revisions\/723"}],"wp:attachment":[{"href":"https:\/\/bip.cmradzymin.pl\/index.php\/wp-json\/wp\/v2\/media?parent=77"}],"curies":[{"name":"wp","href":"https:\/\/api.w.org\/{rel}","templated":true}]}}