
{"id":73,"date":"2023-07-09T01:13:23","date_gmt":"2023-07-08T23:13:23","guid":{"rendered":"https:\/\/egjqvnkxjq.cfolks.pl\/cmrbip\/?page_id=73"},"modified":"2025-02-18T11:00:43","modified_gmt":"2025-02-18T10:00:43","slug":"oferty-pracy","status":"publish","type":"page","link":"https:\/\/bip.cmradzymin.pl\/index.php\/oferty-pracy\/","title":{"rendered":"Oferty pracy"},"content":{"rendered":"<section class=\"wpb-content-wrapper\"><div class=\"pdfprnt-buttons pdfprnt-buttons-page pdfprnt-top-right\"><a href=\"https:\/\/bip.cmradzymin.pl\/index.php\/wp-json\/wp\/v2\/pages\/73?print=pdf\" class=\"pdfprnt-button pdfprnt-button-pdf\" target=\"_blank\"><img decoding=\"async\" src=\"https:\/\/bip.cmradzymin.pl\/wp-content\/plugins\/pdf-print\/images\/pdf.png\" alt=\"image_pdf\" title=\"Download PDF\" \/><\/a><a href=\"https:\/\/bip.cmradzymin.pl\/index.php\/wp-json\/wp\/v2\/pages\/73?print=print\" class=\"pdfprnt-button pdfprnt-button-print\" target=\"_blank\"><img decoding=\"async\" src=\"https:\/\/bip.cmradzymin.pl\/wp-content\/plugins\/pdf-print\/images\/print.png\" alt=\"image_print\" title=\"Print Content\" \/><\/a><\/div><p>[vc_row bg_type=&#8221;bg_color&#8221; css=&#8221;.vc_custom_1689855892226{margin-top: 50px !important;margin-right: 0px !important;margin-left: 0px !important;padding-top: 20px !important;padding-right: 20px !important;padding-bottom: 20px !important;padding-left: 20px !important;}&#8221; bg_color_value=&#8221;#f7f7f7&#8243;][vc_column][vc_column_text]<\/p>\n<h3><strong>Renata \u0141ada, <span data-olk-copy-source=\"MessageBody\">Kierownik Dzia\u0142u Kadr i P\u0142ac<\/span><br \/>\n<\/strong><\/h3>\n<p><strong>e-mail: <a href=\"mailto:sekretariat@cmradzymin.pl,\">sekretariat@cmradzymin.pl,<\/a> tel. 22 7607 170<\/strong><\/p>\n<p><strong>Informujemy, \u017ce skontaktujemy si\u0119 wy\u0142acznie z wybranymi kandydatami.<\/strong><\/p>\n<p>&nbsp;<\/p>\n<p><strong>Prosimy o zawarcie w CV klauzuli.<\/strong><\/p>\n<p><em><strong>Do dokument\u00f3w aplikacyjnych prosimy do\u0142\u0105czy\u0107 jedn\u0105 z poni\u017cszych klauzul:<\/strong><\/em><\/p>\n<p><strong><em>1. Klauzula rekrutacyjna ograniczaj\u0105ca przetwarzanie danych osobowych tylko do cel\u00f3w bie\u017c\u0105cej rekrutacji:<\/em><\/strong><\/p>\n<p><em>\u201e<\/em><em>Wyra\u017cam zgod\u0119 na przetwarzanie moich danych osobowych w celu rekrutacji zgodnie z art. 6 ust. 1 lit. a Rozporz\u0105dzenia Parlamentu Europejskiego i Rady (UE) 2016\/679 z dnia 27 kwietnia 2016 r. w sprawie ochrony os\u00f3b fizycznych w zwi\u0105zku z przetwarzaniem danych osobowych i w sprawie swobodnego przep\u0142ywu takich danych oraz uchylenia dyrektywy 95\/46\/WE (og\u00f3lne rozporz\u0105dzenie o ochronie danych)\u201d<\/em><\/p>\n<p><strong><em>2. Klauzula rekrutacyjna umo\u017cliwiaj\u0105ca przetwarzanie danych osobowych r\u00f3wnie\u017c na potrzeby przysz\u0142ych rekrutacji:<\/em><\/strong><\/p>\n<p><em>\u201e<\/em><em>Wyra\u017cam zgod\u0119 na przetwarzanie moich danych osobowych <strong>r\u00f3wnie\u017c na potrzeby przysz\u0142ych rekrutacji<\/strong>, zgodnie z art. 6 ust. 1 lit. a Rozporz\u0105dzenia Parlamentu Europejskiego i Rady (UE) 2016\/679 z dnia 27 kwietnia 2016 r. w sprawie ochrony os\u00f3b fizycznych w zwi\u0105zku z przetwarzaniem danych osobowych i w sprawie swobodnego przep\u0142ywu takich danych oraz uchylenia dyrektywy 95\/46\/WE (og\u00f3lne rozporz\u0105dzenie o ochronie danych)\u201d<\/em><\/p>\n<p><em><strong>INFORMACJA:<\/strong><\/em><\/p>\n<p><em>Administratorem danych osobowych przetwarzanych w celach rekrutacyjnych jest Centrum Medyczne im. Bitwy Warszawskiej 1920 r w Radzyminie \u2013 SPZ ZOZ\u00a0 (ul. Konstytucji 3 Maja 17, 05-250 Radzymin). Dane nie b\u0119d\u0105 udost\u0119pniane odbiorcom danych w rozumieniu art. 7 pkt 6 ustawy z dnia 29 sierpnia 1997 r. o ochronie danych osobowych. Przys\u0142uguje Pani\/Panu prawo dost\u0119pu do tre\u015bci swoich danych i\u00a0 ich poprawiania. Podanie danych jest dobrowolne.<\/em>[\/vc_column_text][\/vc_column][\/vc_row][vc_row][vc_column][vc_column_text]\r\n\r\n\r\n\r\n\r\n[\/vc_column_text][vc_column_text]<hr class=\"hr_metryka\"><h4>\tMetryka<\/h4> <strong>Informacj\u0119 udost\u0119pni\u0142:<\/strong> Centrum Medyczne im. Bitwy Warszawskie 1920 r w Radzyminie<br \/>\tSamodzielny Publiczny Zesp\u00f3\u0142 Zak\u0142ad\u00f3w Opieki Zdrowotnej<br \/>\t<strong>Wytwarzaj\u0105cy \/ odpowiadaj\u0105cy:<\/strong> admin_bipcmr <br \/>\t<strong>Informacj\u0119 wprowadzi\u0142:<\/strong> admin_bipcmr <br \/>\t<strong>Data publikacji:<\/strong> 2023-07-09  <br \/>\t<strong>Ostatnia modyfikacja:<\/strong> 2025-02-18 11:00 przez Anna Orli\u0144ska <\/p>\n<div class=\"post-views content-post post-73 entry-meta\">\r\n\t\t\t\t<span class=\"post-views-label\">Ilo\u015b\u0107 wy\u015bwietle\u0144 strony:<\/span> <span class=\"post-views-count\">838<\/span>\r\n\t\t\t<\/div>[\/vc_column_text][\/vc_column][\/vc_row]<\/p>\n<\/section>","protected":false},"excerpt":{"rendered":"<p>[vc_row bg_type=&#8221;bg_color&#8221; css=&#8221;.vc_custom_1689855892226{margin-top: 50px !important;margin-right: 0px !important;margin-left: 0px !important;padding-top: 20px !important;padding-right: 20px !important;padding-bottom: 20px !important;padding-left: 20px !important;}&#8221; bg_color_value=&#8221;#f7f7f7&#8243;][vc_column][vc_column_text] Renata \u0141ada, Kierownik Dzia\u0142u Kadr i P\u0142ac e-mail: sekretariat@cmradzymin.pl, tel. 22 7607 170 Informujemy, \u017ce skontaktujemy si\u0119 wy\u0142acznie z wybranymi kandydatami. &nbsp; Prosimy o zawarcie w CV klauzuli. Do dokument\u00f3w aplikacyjnych prosimy do\u0142\u0105czy\u0107 jedn\u0105 z poni\u017cszych klauzul:&hellip;<\/p>\n","protected":false},"author":1,"featured_media":0,"parent":0,"menu_order":0,"comment_status":"closed","ping_status":"closed","template":"","meta":{"_lmt_disableupdate":"no","_lmt_disable":"no","footnotes":""},"_links":{"self":[{"href":"https:\/\/bip.cmradzymin.pl\/index.php\/wp-json\/wp\/v2\/pages\/73"}],"collection":[{"href":"https:\/\/bip.cmradzymin.pl\/index.php\/wp-json\/wp\/v2\/pages"}],"about":[{"href":"https:\/\/bip.cmradzymin.pl\/index.php\/wp-json\/wp\/v2\/types\/page"}],"author":[{"embeddable":true,"href":"https:\/\/bip.cmradzymin.pl\/index.php\/wp-json\/wp\/v2\/users\/1"}],"replies":[{"embeddable":true,"href":"https:\/\/bip.cmradzymin.pl\/index.php\/wp-json\/wp\/v2\/comments?post=73"}],"version-history":[{"count":54,"href":"https:\/\/bip.cmradzymin.pl\/index.php\/wp-json\/wp\/v2\/pages\/73\/revisions"}],"predecessor-version":[{"id":1824,"href":"https:\/\/bip.cmradzymin.pl\/index.php\/wp-json\/wp\/v2\/pages\/73\/revisions\/1824"}],"wp:attachment":[{"href":"https:\/\/bip.cmradzymin.pl\/index.php\/wp-json\/wp\/v2\/media?parent=73"}],"curies":[{"name":"wp","href":"https:\/\/api.w.org\/{rel}","templated":true}]}}