
{"id":525,"date":"2023-07-22T01:28:37","date_gmt":"2023-07-21T23:28:37","guid":{"rendered":"https:\/\/projektcmr.pl\/bip\/?page_id=525"},"modified":"2023-07-23T16:48:53","modified_gmt":"2023-07-23T14:48:53","slug":"mapa-strony","status":"publish","type":"page","link":"https:\/\/bip.cmradzymin.pl\/index.php\/mapa-strony\/","title":{"rendered":"Mapa strony"},"content":{"rendered":"<section class=\"wpb-content-wrapper\"><div class=\"pdfprnt-buttons pdfprnt-buttons-page pdfprnt-top-right\"><a href=\"https:\/\/bip.cmradzymin.pl\/index.php\/wp-json\/wp\/v2\/pages\/525?print=pdf\" class=\"pdfprnt-button pdfprnt-button-pdf\" target=\"_blank\"><img decoding=\"async\" src=\"https:\/\/bip.cmradzymin.pl\/wp-content\/plugins\/pdf-print\/images\/pdf.png\" alt=\"image_pdf\" title=\"Download PDF\" \/><\/a><a href=\"https:\/\/bip.cmradzymin.pl\/index.php\/wp-json\/wp\/v2\/pages\/525?print=print\" class=\"pdfprnt-button pdfprnt-button-print\" target=\"_blank\"><img decoding=\"async\" src=\"https:\/\/bip.cmradzymin.pl\/wp-content\/plugins\/pdf-print\/images\/print.png\" alt=\"image_print\" title=\"Print Content\" \/><\/a><\/div><p>[vc_row][vc_column][vc_column_text]<code><\/code><div class=\"wshs-post-simple-list full-layout \"><ul><li><a href=\"https:\/\/bip.cmradzymin.pl\/\" title=\"Strona g\u0142\u00f3wna\">Strona g\u0142\u00f3wna<\/a><\/li><li><a href=\"https:\/\/bip.cmradzymin.pl\/index.php\/polityka-prywatnosci\/\" title=\"Polityka prywatno\u015bci\">Polityka prywatno\u015bci<\/a><\/li><li><a href=\"https:\/\/bip.cmradzymin.pl\/index.php\/statut\/\" title=\"Statut\">Statut<\/a><\/li><li><a href=\"https:\/\/bip.cmradzymin.pl\/index.php\/zaswiadczenie-o-numerze-identyfikacyjnym-regon\/\" title=\"Za\u015bwiadczenie o numerze identyfikacyjnym REGON\">Za\u015bwiadczenie o numerze identyfikacyjnym REGON<\/a><\/li><li><a href=\"https:\/\/bip.cmradzymin.pl\/index.php\/plany-zamowien-publicznych-archiwalne\/\" title=\"Plany zam\u00f3wie\u0144 publicznych archiwalne\">Plany zam\u00f3wie\u0144 publicznych archiwalne<\/a><\/li><li><a href=\"https:\/\/bip.cmradzymin.pl\/index.php\/mapa-strony\/\" title=\"Mapa strony\">Mapa strony<\/a><\/li><li><a href=\"https:\/\/bip.cmradzymin.pl\/index.php\/decyzja-w-sprawie-nadania-nr-nip\/\" title=\"Decyzja w sprawie nadania nr NIP\">Decyzja w sprawie nadania nr NIP<\/a><\/li><li><a href=\"https:\/\/bip.cmradzymin.pl\/index.php\/przedmiot-dzialalnosci\/\" title=\"Przedmiot dzia\u0142alno\u015bci\">Przedmiot dzia\u0142alno\u015bci<\/a><\/li><li><a href=\"https:\/\/bip.cmradzymin.pl\/index.php\/dyrektor\/\" title=\"Dyrektor\">Dyrektor<\/a><\/li><li><a href=\"https:\/\/bip.cmradzymin.pl\/index.php\/z-ca-dyrektora-ds-medycznych\/\" title=\"Z-ca Dyrektora ds. medycznych\">Z-ca Dyrektora ds. medycznych<\/a><\/li><li><a href=\"https:\/\/bip.cmradzymin.pl\/index.php\/z-ca-dyrektora-ds-administracyjno-gospodarczych\/\" title=\"Z-ca Dyrektora ds. administracyjno-gospodarczych\">Z-ca Dyrektora ds. administracyjno-gospodarczych<\/a><\/li><li><a href=\"https:\/\/bip.cmradzymin.pl\/index.php\/glowna-ksiegowa\/\" title=\"G\u0142\u00f3wna Ksi\u0119gowa\">G\u0142\u00f3wna Ksi\u0119gowa<\/a><\/li><li><a href=\"https:\/\/bip.cmradzymin.pl\/index.php\/rada-spoleczna\/\" title=\"Rada Spo\u0142eczna\">Rada Spo\u0142eczna<\/a><\/li><li><a href=\"https:\/\/bip.cmradzymin.pl\/index.php\/podstawy-funkcjonowania\/\" title=\"Podstawy funkcjonowania\">Podstawy funkcjonowania<\/a><\/li><li><a href=\"https:\/\/bip.cmradzymin.pl\/index.php\/regulamin-organizacyjny\/\" title=\"Regulamin organizacyjny\">Regulamin organizacyjny<\/a><\/li><li><a href=\"https:\/\/bip.cmradzymin.pl\/index.php\/stanowienie-wewnetrznych-aktow-prawnych\/\" title=\"Stanowienie wewn\u0119trznych akt\u00f3w prawnych\">Stanowienie wewn\u0119trznych akt\u00f3w prawnych<\/a><\/li><li><a href=\"https:\/\/bip.cmradzymin.pl\/index.php\/polityka-antykorupcyjna\/\" title=\"Polityka antykorupcyjna\">Polityka antykorupcyjna<\/a><\/li><li><a href=\"https:\/\/bip.cmradzymin.pl\/index.php\/plan-zamowien-publicznych\/\" title=\"Plan zam\u00f3wie\u0144 publicznych\">Plan zam\u00f3wie\u0144 publicznych<\/a><\/li><li><a href=\"https:\/\/bip.cmradzymin.pl\/index.php\/zapytania-ofertowe\/\" title=\"Zapytania ofertowe\">Zapytania ofertowe<\/a><\/li><li><a href=\"https:\/\/bip.cmradzymin.pl\/index.php\/instrukcja-obslugi\/\" title=\"Instrukcja obs\u0142ugi\">Instrukcja obs\u0142ugi<\/a><\/li><li><a href=\"https:\/\/bip.cmradzymin.pl\/index.php\/przetargi\/\" title=\"Przetargi\">Przetargi<\/a><\/li><li><a href=\"https:\/\/bip.cmradzymin.pl\/index.php\/redakcja-serwisu\/\" title=\"Redakcja serwisu\">Redakcja serwisu<\/a><\/li><li><a href=\"https:\/\/bip.cmradzymin.pl\/index.php\/archiwum\/\" title=\"Archiwum\">Archiwum<\/a><\/li><li><a href=\"https:\/\/bip.cmradzymin.pl\/index.php\/uslugi-spoleczne\/\" title=\"Us\u0142ugi Spo\u0142eczne\">Us\u0142ugi Spo\u0142eczne<\/a><\/li><li><a href=\"https:\/\/bip.cmradzymin.pl\/index.php\/oferty-pracy\/\" title=\"Oferty pracy\">Oferty pracy<\/a><\/li><li><a href=\"https:\/\/bip.cmradzymin.pl\/index.php\/inspektor-ochrony-danych\/\" title=\"Inspektor Ochrony Danych\">Inspektor Ochrony Danych<\/a><\/li><li><a href=\"https:\/\/bip.cmradzymin.pl\/index.php\/projekty-unijne-inwestycje\/\" title=\"Projekty Unijne \/ Inwestycje\">Projekty Unijne \/ Inwestycje<\/a><\/li><li><a href=\"https:\/\/bip.cmradzymin.pl\/index.php\/konkursy\/\" title=\"Konkursy\">Konkursy<\/a><\/li><li><a href=\"https:\/\/bip.cmradzymin.pl\/index.php\/cennik-uslug-medycznych\/\" title=\"Cennik us\u0142ug medycznych\">Cennik us\u0142ug medycznych<\/a><\/li><li><a href=\"https:\/\/bip.cmradzymin.pl\/index.php\/instrukcja-obslugi-bip\/\" title=\"Instrukcja obs\u0142ugi BIP\">Instrukcja obs\u0142ugi BIP<\/a><\/li><li><a href=\"https:\/\/bip.cmradzymin.pl\/index.php\/strona-glowna-bip\/\" title=\"Strona g\u0142\u00f3wna BIP\">Strona g\u0142\u00f3wna BIP<\/a><\/li><li><a href=\"https:\/\/bip.cmradzymin.pl\/index.php\/raporty-sprawozdania-i-oswiadczenia\/\" title=\"Raporty, sprawozdania i o\u015bwiadczenia\">Raporty, sprawozdania i o\u015bwiadczenia<\/a><\/li><li><a href=\"https:\/\/bip.cmradzymin.pl\/index.php\/plan-25\/\" title=\"Plan zam\u00f3wie\u0144 publicznych\">Plan zam\u00f3wie\u0144 publicznych<\/a><\/li><li><a href=\"https:\/\/bip.cmradzymin.pl\/index.php\/majatek\/\" title=\"Maj\u0105tek\">Maj\u0105tek<\/a><\/li><li><a href=\"https:\/\/bip.cmradzymin.pl\/index.php\/rejestr-zmian\/\" title=\"Rejestr zmian\">Rejestr zmian<\/a><\/li><li><a href=\"https:\/\/bip.cmradzymin.pl\/index.php\/plan-zamowien-publicznych-2026\/\" title=\"Plan zam\u00f3wie\u0144 publicznych\">Plan zam\u00f3wie\u0144 publicznych<\/a><\/li><\/ul><\/div>[\/vc_column_text][\/vc_column][\/vc_row][vc_row][vc_column][vc_column_text]\r\n\r\n\r\n\r\n\r\n[\/vc_column_text][vc_column_text]<hr class=\"hr_metryka\"><h4>\tMetryka<\/h4> <strong>Informacj\u0119 udost\u0119pni\u0142:<\/strong> Centrum Medyczne im. Bitwy Warszawskie 1920 r w Radzyminie<br \/>\tSamodzielny Publiczny Zesp\u00f3\u0142 Zak\u0142ad\u00f3w Opieki Zdrowotnej<br \/>\t<strong>Wytwarzaj\u0105cy \/ odpowiadaj\u0105cy:<\/strong> admin_bipcmr <br \/>\t<strong>Informacj\u0119 wprowadzi\u0142:<\/strong> admin_bipcmr <br \/>\t<strong>Data publikacji:<\/strong> 2023-07-22  <br \/>\t<strong>Ostatnia modyfikacja:<\/strong> 2023-07-23 16:48 przez admin_bipcmr <\/p>\n<div class=\"post-views content-post post-525 entry-meta\">\r\n\t\t\t\t<span class=\"post-views-label\">Ilo\u015b\u0107 wy\u015bwietle\u0144 strony:<\/span> <span class=\"post-views-count\">386<\/span>\r\n\t\t\t<\/div>[\/vc_column_text][\/vc_column][\/vc_row]<\/p>\n<\/section>","protected":false},"excerpt":{"rendered":"<p>[vc_row][vc_column][vc_column_text][\/vc_column_text][\/vc_column][\/vc_row][vc_row][vc_column][vc_column_text][\/vc_column_text][vc_column_text] [\/vc_column_text][\/vc_column][\/vc_row]<\/p>\n","protected":false},"author":1,"featured_media":0,"parent":0,"menu_order":0,"comment_status":"closed","ping_status":"closed","template":"","meta":{"_lmt_disableupdate":"no","_lmt_disable":"yes","footnotes":""},"_links":{"self":[{"href":"https:\/\/bip.cmradzymin.pl\/index.php\/wp-json\/wp\/v2\/pages\/525"}],"collection":[{"href":"https:\/\/bip.cmradzymin.pl\/index.php\/wp-json\/wp\/v2\/pages"}],"about":[{"href":"https:\/\/bip.cmradzymin.pl\/index.php\/wp-json\/wp\/v2\/types\/page"}],"author":[{"embeddable":true,"href":"https:\/\/bip.cmradzymin.pl\/index.php\/wp-json\/wp\/v2\/users\/1"}],"replies":[{"embeddable":true,"href":"https:\/\/bip.cmradzymin.pl\/index.php\/wp-json\/wp\/v2\/comments?post=525"}],"version-history":[{"count":15,"href":"https:\/\/bip.cmradzymin.pl\/index.php\/wp-json\/wp\/v2\/pages\/525\/revisions"}],"predecessor-version":[{"id":713,"href":"https:\/\/bip.cmradzymin.pl\/index.php\/wp-json\/wp\/v2\/pages\/525\/revisions\/713"}],"wp:attachment":[{"href":"https:\/\/bip.cmradzymin.pl\/index.php\/wp-json\/wp\/v2\/media?parent=525"}],"curies":[{"name":"wp","href":"https:\/\/api.w.org\/{rel}","templated":true}]}}