
{"id":32,"date":"2023-07-13T00:53:42","date_gmt":"2023-07-12T22:53:42","guid":{"rendered":"https:\/\/egjqvnkxjq.cfolks.pl\/cmrbip\/?page_id=32"},"modified":"2025-02-18T13:11:22","modified_gmt":"2025-02-18T12:11:22","slug":"rada-spoleczna","status":"publish","type":"page","link":"https:\/\/bip.cmradzymin.pl\/index.php\/rada-spoleczna\/","title":{"rendered":"Rada Spo\u0142eczna"},"content":{"rendered":"<section class=\"wpb-content-wrapper\"><div class=\"pdfprnt-buttons pdfprnt-buttons-page pdfprnt-top-right\"><a href=\"https:\/\/bip.cmradzymin.pl\/index.php\/wp-json\/wp\/v2\/pages\/32?print=pdf\" class=\"pdfprnt-button pdfprnt-button-pdf\" target=\"_blank\"><img decoding=\"async\" src=\"https:\/\/bip.cmradzymin.pl\/wp-content\/plugins\/pdf-print\/images\/pdf.png\" alt=\"image_pdf\" title=\"Download PDF\" \/><\/a><a href=\"https:\/\/bip.cmradzymin.pl\/index.php\/wp-json\/wp\/v2\/pages\/32?print=print\" class=\"pdfprnt-button pdfprnt-button-print\" target=\"_blank\"><img decoding=\"async\" src=\"https:\/\/bip.cmradzymin.pl\/wp-content\/plugins\/pdf-print\/images\/print.png\" alt=\"image_print\" title=\"Print Content\" \/><\/a><\/div><p>[vc_row][vc_column][vc_column_text]Rada Spo\u0142eczna jest organem inicjuj\u0105cym i opiniodawczym podmiotu tworz\u0105cego oraz organem doradczym Dyrektora. Rad\u0119 Spo\u0142eczn\u0105 powo\u0142uje i odwo\u0142uje oraz zwo\u0142uje jej pierwsze posiedzenie podmiot tworz\u0105cy. Kadencja Rady Spo\u0142ecznej trwa 4 lata.<\/p>\n<p>&nbsp;<\/p>\n<p>Do zada\u0144 Rady Spo\u0142ecznej nale\u017cy:<\/p>\n<p>1. przedstawianie podmiotowi tworz\u0105cemu wniosk\u00f3w i opinii w sprawach:<\/p>\n<ul>\n<li>zbycia aktyw\u00f3w trwa\u0142ych oraz zakupu lub przyj\u0119cia darowizny nowej aparatury i sprz\u0119tu medycznego,<\/li>\n<li>zwi\u0105zanych z przekszta\u0142ceniem lub likwidacj\u0105, rozszerzeniem lub ograniczeniem dzia\u0142alno\u015bci Zak\u0142adu,<\/li>\n<li>przyznawania Dyrektorowi Zak\u0142adu nagr\u00f3d,<\/li>\n<li>rozwi\u0105zania stosunku pracy lub umowy cywilno-prawnej z Dyrektorem Zak\u0142adu,<\/li>\n<li>regulaminu organizacyjnego<\/li>\n<\/ul>\n<p>2. przedstawianie Dyrektorowi wniosk\u00f3w i opinii w sprawach:<\/p>\n<ul>\n<li>planu finansowego, w tym planu inwestycyjnego,<\/li>\n<li>rocznego planu finansowego, w tym planu inwestycyjnego,<\/li>\n<li>kredyt\u00f3w bankowych lub dotacji,<\/li>\n<li>podzia\u0142u\u00a0 zysku,<\/li>\n<\/ul>\n<p>3. dokonywanie okresowych analiz skarg i wniosk\u00f3w wnoszonych przez pacjent\u00f3w z\u00a0 wy\u0142\u0105czeniem spraw podlegaj\u0105cych nadzorowi medycznemu,<\/p>\n<p>4. opiniowanie wniosku w sprawie czasowego zaprzestania dzia\u0142alno\u015bci leczniczej.<\/p>\n<p>&nbsp;<\/p>\n<p>Rada Spo\u0142eczna sk\u0142ada si\u0119 z 6 os\u00f3b. W sk\u0142ad\u00a0 Rady Spo\u0142ecznej wchodz\u0105:<\/p>\n<ol>\n<li>Przewodnicz\u0105cy \u2013 Burmistrz\u00a0 Radzymina lub osoba przez niego wyznaczona;<\/li>\n<li>Cz\u0142onkowie:<\/li>\n<\/ol>\n<ul>\n<li>przedstawiciel Wojewody Mazowieckiego,<\/li>\n<li>czterech przedstawicieli wybranych przez Rad\u0119 Miejsk\u0105 w Radzyminie.<\/li>\n<\/ul>\n<p>&nbsp;<\/p>\n<p>Aktualny sk\u0142ad Rady Spo\u0142ecznej Centrum Medycznego im. Bitwy Warszawskiej 1920 r. w Radzyminie &#8211;\u00a0 SPZ ZOZ:<\/p>\n<ol>\n<li>Pan Krzysztof Chaci\u0144ski \u2013 Burmistrz Radzymina, Przewodnicz\u0105cy Rady Spo\u0142ecznej,<\/li>\n<li>Pani Justyna Kasprzyk &#8211; Przedstawiciel Wojewody Mazowieckiego,<\/li>\n<li>Pani Marzena Ma\u0142ek &#8211; Radna Rady Miejskiej w Radzyminie,<\/li>\n<li>Pani Marek Brodziak &#8211; Radny Rady Miejskiej w Radzyminie,<\/li>\n<li>Pani Halina Bonecka &#8211; Cz\u0142onek Rady<\/li>\n<li>Pani Agnieszka Roguska &#8211; Cz\u0142onek Rady<\/li>\n<\/ol>\n<p>[\/vc_column_text][\/vc_column][\/vc_row][vc_row][vc_column][vc_column_text]\r\n\r\n\r\n\r\n\r\n[\/vc_column_text][vc_column_text]<hr class=\"hr_metryka\"><h4>\tMetryka<\/h4> <strong>Informacj\u0119 udost\u0119pni\u0142:<\/strong> Centrum Medyczne im. Bitwy Warszawskie 1920 r w Radzyminie<br \/>\tSamodzielny Publiczny Zesp\u00f3\u0142 Zak\u0142ad\u00f3w Opieki Zdrowotnej<br \/>\t<strong>Wytwarzaj\u0105cy \/ odpowiadaj\u0105cy:<\/strong> admin_bipcmr <br \/>\t<strong>Informacj\u0119 wprowadzi\u0142:<\/strong> admin_bipcmr <br \/>\t<strong>Data publikacji:<\/strong> 2023-07-13  <br \/>\t<strong>Ostatnia modyfikacja:<\/strong> 2025-02-18 13:11 przez Anna Orli\u0144ska <\/p>\n<div class=\"post-views content-post post-32 entry-meta\">\r\n\t\t\t\t<span class=\"post-views-label\">Ilo\u015b\u0107 wy\u015bwietle\u0144 strony:<\/span> <span class=\"post-views-count\">501<\/span>\r\n\t\t\t<\/div>[\/vc_column_text][\/vc_column][\/vc_row]<\/p>\n<\/section>","protected":false},"excerpt":{"rendered":"<p>[vc_row][vc_column][vc_column_text]Rada Spo\u0142eczna jest organem inicjuj\u0105cym i opiniodawczym podmiotu tworz\u0105cego oraz organem doradczym Dyrektora. Rad\u0119 Spo\u0142eczn\u0105 powo\u0142uje i odwo\u0142uje oraz zwo\u0142uje jej pierwsze posiedzenie podmiot tworz\u0105cy. Kadencja Rady Spo\u0142ecznej trwa 4 lata. &nbsp; Do zada\u0144 Rady Spo\u0142ecznej nale\u017cy: 1. przedstawianie podmiotowi tworz\u0105cemu wniosk\u00f3w i opinii w sprawach: zbycia aktyw\u00f3w trwa\u0142ych oraz zakupu lub przyj\u0119cia darowizny nowej&hellip;<\/p>\n","protected":false},"author":1,"featured_media":0,"parent":0,"menu_order":0,"comment_status":"closed","ping_status":"closed","template":"","meta":{"_lmt_disableupdate":"no","_lmt_disable":"no","footnotes":""},"_links":{"self":[{"href":"https:\/\/bip.cmradzymin.pl\/index.php\/wp-json\/wp\/v2\/pages\/32"}],"collection":[{"href":"https:\/\/bip.cmradzymin.pl\/index.php\/wp-json\/wp\/v2\/pages"}],"about":[{"href":"https:\/\/bip.cmradzymin.pl\/index.php\/wp-json\/wp\/v2\/types\/page"}],"author":[{"embeddable":true,"href":"https:\/\/bip.cmradzymin.pl\/index.php\/wp-json\/wp\/v2\/users\/1"}],"replies":[{"embeddable":true,"href":"https:\/\/bip.cmradzymin.pl\/index.php\/wp-json\/wp\/v2\/comments?post=32"}],"version-history":[{"count":8,"href":"https:\/\/bip.cmradzymin.pl\/index.php\/wp-json\/wp\/v2\/pages\/32\/revisions"}],"predecessor-version":[{"id":1827,"href":"https:\/\/bip.cmradzymin.pl\/index.php\/wp-json\/wp\/v2\/pages\/32\/revisions\/1827"}],"wp:attachment":[{"href":"https:\/\/bip.cmradzymin.pl\/index.php\/wp-json\/wp\/v2\/media?parent=32"}],"curies":[{"name":"wp","href":"https:\/\/api.w.org\/{rel}","templated":true}]}}