
{"id":26,"date":"2023-07-13T00:52:56","date_gmt":"2023-07-12T22:52:56","guid":{"rendered":"https:\/\/egjqvnkxjq.cfolks.pl\/cmrbip\/?page_id=26"},"modified":"2026-03-25T10:52:39","modified_gmt":"2026-03-25T09:52:39","slug":"z-ca-dyrektora-ds-medycznych","status":"publish","type":"page","link":"https:\/\/bip.cmradzymin.pl\/index.php\/z-ca-dyrektora-ds-medycznych\/","title":{"rendered":"Z-ca Dyrektora ds. medycznych"},"content":{"rendered":"<section class=\"wpb-content-wrapper\"><div class=\"pdfprnt-buttons pdfprnt-buttons-page pdfprnt-top-right\"><a href=\"https:\/\/bip.cmradzymin.pl\/index.php\/wp-json\/wp\/v2\/pages\/26?print=pdf\" class=\"pdfprnt-button pdfprnt-button-pdf\" target=\"_blank\"><img decoding=\"async\" src=\"https:\/\/bip.cmradzymin.pl\/wp-content\/plugins\/pdf-print\/images\/pdf.png\" alt=\"image_pdf\" title=\"Download PDF\" \/><\/a><a href=\"https:\/\/bip.cmradzymin.pl\/index.php\/wp-json\/wp\/v2\/pages\/26?print=print\" class=\"pdfprnt-button pdfprnt-button-print\" target=\"_blank\"><img decoding=\"async\" src=\"https:\/\/bip.cmradzymin.pl\/wp-content\/plugins\/pdf-print\/images\/print.png\" alt=\"image_print\" title=\"Print Content\" \/><\/a><\/div><p>[vc_row][vc_column][vc_column_text]<\/p>\n<div class=\"head\">\n<h3>Z-cy Dyrektora ds. medycznych<\/h3>\n<h3><strong>dr n.med. Iwona Cabaj-Wiater<\/strong><\/h3>\n<p>&nbsp;<\/p>\n<p><strong>Dane kontaktowe<br \/>\n<\/strong>e-mail: sekretariat@cmradzymin.pl<br \/>\ntel. 22 7607 170<\/p>\n<\/div>\n<p>[\/vc_column_text][\/vc_column][\/vc_row][vc_row][vc_column][vc_column_text]\r\n\r\n\r\n\r\n\r\n[\/vc_column_text][vc_column_text]<hr class=\"hr_metryka\"><h4>\tMetryka<\/h4> <strong>Informacj\u0119 udost\u0119pni\u0142:<\/strong> Centrum Medyczne im. Bitwy Warszawskie 1920 r w Radzyminie<br \/>\tSamodzielny Publiczny Zesp\u00f3\u0142 Zak\u0142ad\u00f3w Opieki Zdrowotnej<br \/>\t<strong>Wytwarzaj\u0105cy \/ odpowiadaj\u0105cy:<\/strong> admin_bipcmr <br \/>\t<strong>Informacj\u0119 wprowadzi\u0142:<\/strong> admin_bipcmr <br \/>\t<strong>Data publikacji:<\/strong> 2023-07-13  <br \/>\t<strong>Ostatnia modyfikacja:<\/strong> 2026-03-25 10:52 przez Anna Orli\u0144ska <\/p>\n<div class=\"post-views content-post post-26 entry-meta\">\r\n\t\t\t\t<span class=\"post-views-label\">Ilo\u015b\u0107 wy\u015bwietle\u0144 strony:<\/span> <span class=\"post-views-count\">421<\/span>\r\n\t\t\t<\/div>[\/vc_column_text][\/vc_column][\/vc_row]<\/p>\n<\/section>","protected":false},"excerpt":{"rendered":"<p>[vc_row][vc_column][vc_column_text] Z-cy Dyrektora ds. medycznych dr n.med. Iwona Cabaj-Wiater &nbsp; Dane kontaktowe e-mail: sekretariat@cmradzymin.pl tel. 22 7607 170 [\/vc_column_text][\/vc_column][\/vc_row][vc_row][vc_column][vc_column_text][\/vc_column_text][vc_column_text] [\/vc_column_text][\/vc_column][\/vc_row]<\/p>\n","protected":false},"author":1,"featured_media":0,"parent":0,"menu_order":0,"comment_status":"closed","ping_status":"closed","template":"","meta":{"_lmt_disableupdate":"no","_lmt_disable":"no","footnotes":""},"_links":{"self":[{"href":"https:\/\/bip.cmradzymin.pl\/index.php\/wp-json\/wp\/v2\/pages\/26"}],"collection":[{"href":"https:\/\/bip.cmradzymin.pl\/index.php\/wp-json\/wp\/v2\/pages"}],"about":[{"href":"https:\/\/bip.cmradzymin.pl\/index.php\/wp-json\/wp\/v2\/types\/page"}],"author":[{"embeddable":true,"href":"https:\/\/bip.cmradzymin.pl\/index.php\/wp-json\/wp\/v2\/users\/1"}],"replies":[{"embeddable":true,"href":"https:\/\/bip.cmradzymin.pl\/index.php\/wp-json\/wp\/v2\/comments?post=26"}],"version-history":[{"count":13,"href":"https:\/\/bip.cmradzymin.pl\/index.php\/wp-json\/wp\/v2\/pages\/26\/revisions"}],"predecessor-version":[{"id":2740,"href":"https:\/\/bip.cmradzymin.pl\/index.php\/wp-json\/wp\/v2\/pages\/26\/revisions\/2740"}],"wp:attachment":[{"href":"https:\/\/bip.cmradzymin.pl\/index.php\/wp-json\/wp\/v2\/media?parent=26"}],"curies":[{"name":"wp","href":"https:\/\/api.w.org\/{rel}","templated":true}]}}