
{"id":16,"date":"2023-07-13T00:48:12","date_gmt":"2023-07-12T22:48:12","guid":{"rendered":"https:\/\/egjqvnkxjq.cfolks.pl\/cmrbip\/?page_id=16"},"modified":"2023-07-23T16:49:38","modified_gmt":"2023-07-23T14:49:38","slug":"przedmiot-dzialalnosci","status":"publish","type":"page","link":"https:\/\/bip.cmradzymin.pl\/index.php\/przedmiot-dzialalnosci\/","title":{"rendered":"Przedmiot dzia\u0142alno\u015bci"},"content":{"rendered":"<section class=\"wpb-content-wrapper\"><div class=\"pdfprnt-buttons pdfprnt-buttons-page pdfprnt-top-right\"><a href=\"https:\/\/bip.cmradzymin.pl\/index.php\/wp-json\/wp\/v2\/pages\/16?print=pdf\" class=\"pdfprnt-button pdfprnt-button-pdf\" target=\"_blank\"><img decoding=\"async\" src=\"https:\/\/bip.cmradzymin.pl\/wp-content\/plugins\/pdf-print\/images\/pdf.png\" alt=\"image_pdf\" title=\"Download PDF\" \/><\/a><a href=\"https:\/\/bip.cmradzymin.pl\/index.php\/wp-json\/wp\/v2\/pages\/16?print=print\" class=\"pdfprnt-button pdfprnt-button-print\" target=\"_blank\"><img decoding=\"async\" src=\"https:\/\/bip.cmradzymin.pl\/wp-content\/plugins\/pdf-print\/images\/print.png\" alt=\"image_print\" title=\"Print Content\" \/><\/a><\/div><p>[vc_row][vc_column][vc_column_text]<strong>G\u0142\u00f3wnym celem Centrum Medycznego jest wykonywanie dzia\u0142alno\u015bci leczniczej, polegaj\u0105cej na udzielaniu \u015bwiadcze\u0144 zdrowotnych, s\u0142u\u017c\u0105cych zachowaniu, ratowaniu, przywracaniu lub poprawie zdrowia, a tak\u017ce prowadzenie dzia\u0142alno\u015bci maj\u0105cej na celu zapobieganie powstawaniu chor\u00f3b i promocj\u0119 zdrowia.<\/strong><\/p>\n<p>W Centrum Medycznym s\u0105 udzielane \u015bwiadczenia zdrowotne finansowane ze \u015brodk\u00f3w publicznych ubezpieczonym oraz innym osobom uprawnionym do tych \u015bwiadcze\u0144 nieodp\u0142atnie, za cz\u0119\u015bciow\u0105 odp\u0142atno\u015bci\u0105 lub ca\u0142kowit\u0105 odp\u0142atno\u015bci\u0105, na zasadach okre\u015blonych w odr\u0119bnych przepisach prawa lub umowie cywilnoprawnej.<\/p>\n<p><strong>Do g\u0142\u00f3wnych zada\u0144 Centrum Medycznego nale\u017c\u0105 w szczeg\u00f3lno\u015bci:<\/strong><\/p>\n<ol>\n<li>prawid\u0142owa organizacja procesu leczniczo-diagnostycznego w Szpitalu w zakresie udzielania szpitalnych \u015bwiadcze\u0144 zdrowotnych,<\/li>\n<li>udzielanie \u015bwiadcze\u0144 zdrowotnych w ramach funkcjonuj\u0105cych poradni podstawowej opieki zdrowotnej oraz poradni specjalistycznych,<\/li>\n<li>udzielanie \u015bwiadcze\u0144 z zakresu rehabilitacji leczniczej,<\/li>\n<li>udzielanie \u015bwiadcze\u0144 w zakresie Nocnej i \u015awi\u0105tecznej Opieki Zdrowotnej,<\/li>\n<li>udzielanie \u015bwiadcze\u0144 diagnostycznych,<\/li>\n<li>prowadzenie dzia\u0142alno\u015bci w zakresie promocji zdrowia,<\/li>\n<li>przygotowywanie os\u00f3b do wykonywania zawod\u00f3w medycznych i dokszta\u0142canie os\u00f3b wykonuj\u0105cych te zawody zw\u0142aszcza poprzez prowadzenie sta\u017cy podyplomowych, specjalizacyjnych, rezydentur na warunkach okre\u015blonych w odr\u0119bnych przepisach oraz praktyk zawodowych i zaj\u0119\u0107 praktycznych,<\/li>\n<li>organizowanie w ustalonym zakresie opieki medycznej w sytuacjach awaryjnych i kl\u0119sk \u017cywio\u0142owych.<\/li>\n<\/ol>\n<p><strong>W celu realizacji swoich zada\u0144 Centrum Medyczne w Radzyminie mo\u017ce wsp\u00f3\u0142pracowa\u0107\u00a0 z:<\/strong><\/p>\n<ol>\n<li>\u00a0innymi podmiotami leczniczymi;<\/li>\n<li>\u00a0instytucjami prowadz\u0105cymi dzia\u0142alno\u015b\u0107 w zakresie pomocy spo\u0142ecznej;<\/li>\n<li>\u00a0instytucjami prowadz\u0105cymi dzia\u0142ania sanitarno-epidemiologiczne i stacj\u0105 sanitarno- epidemiologiczn\u0105;<\/li>\n<li>\u00a0organizacjami samorz\u0105dowymi i naukowymi;<\/li>\n<li>\u00a0innymi instytucjami prowadz\u0105cymi dzia\u0142alno\u015b\u0107 na rzecz s\u0142u\u017cby zdrowia;<\/li>\n<li>\u00a0organizacjami spo\u0142ecznymi;<\/li>\n<li>\u00a0innymi gminami.<\/li>\n<\/ol>\n<p><strong>Centrum Medyczne w Radzyminie mo\u017ce prowadzi\u0107 wyodr\u0119bnion\u0105 organizacyjnie dzia\u0142alno\u015b\u0107, inn\u0105 ni\u017c dzia\u0142alno\u015b\u0107 lecznicza, w zakresie:<\/strong><\/p>\n<ol>\n<li>\u00a0transportu sanitarnego;<\/li>\n<li>\u00a0dzia\u0142alno\u015bci szkoleniowo \u2013 edukacyjnej;<\/li>\n<li>\u00a0us\u0142ug sprzeda\u017cy, dzier\u017cawy, wynajmu aktyw\u00f3w trwa\u0142ych.<\/li>\n<\/ol>\n<p>[\/vc_column_text][\/vc_column][\/vc_row][vc_row][vc_column][vc_column_text]\r\n\r\n\r\n\r\n\r\n[\/vc_column_text][vc_column_text]<hr class=\"hr_metryka\"><h4>\tMetryka<\/h4> <strong>Informacj\u0119 udost\u0119pni\u0142:<\/strong> Centrum Medyczne im. Bitwy Warszawskie 1920 r w Radzyminie<br \/>\tSamodzielny Publiczny Zesp\u00f3\u0142 Zak\u0142ad\u00f3w Opieki Zdrowotnej<br \/>\t<strong>Wytwarzaj\u0105cy \/ odpowiadaj\u0105cy:<\/strong> admin_bipcmr <br \/>\t<strong>Informacj\u0119 wprowadzi\u0142:<\/strong> admin_bipcmr <br \/>\t<strong>Data publikacji:<\/strong> 2023-07-13  <br \/>\t<strong>Ostatnia modyfikacja:<\/strong> 2023-07-23 16:49 przez admin_bipcmr <\/p>\n<div class=\"post-views content-post post-16 entry-meta\">\r\n\t\t\t\t<span class=\"post-views-label\">Ilo\u015b\u0107 wy\u015bwietle\u0144 strony:<\/span> <span class=\"post-views-count\">375<\/span>\r\n\t\t\t<\/div>[\/vc_column_text][\/vc_column][\/vc_row]<\/p>\n<\/section>","protected":false},"excerpt":{"rendered":"<p>[vc_row][vc_column][vc_column_text]G\u0142\u00f3wnym celem Centrum Medycznego jest wykonywanie dzia\u0142alno\u015bci leczniczej, polegaj\u0105cej na udzielaniu \u015bwiadcze\u0144 zdrowotnych, s\u0142u\u017c\u0105cych zachowaniu, ratowaniu, przywracaniu lub poprawie zdrowia, a tak\u017ce prowadzenie dzia\u0142alno\u015bci maj\u0105cej na celu zapobieganie powstawaniu chor\u00f3b i promocj\u0119 zdrowia. W Centrum Medycznym s\u0105 udzielane \u015bwiadczenia zdrowotne finansowane ze \u015brodk\u00f3w publicznych ubezpieczonym oraz innym osobom uprawnionym do tych \u015bwiadcze\u0144 nieodp\u0142atnie, za cz\u0119\u015bciow\u0105&hellip;<\/p>\n","protected":false},"author":1,"featured_media":0,"parent":0,"menu_order":0,"comment_status":"closed","ping_status":"closed","template":"","meta":{"_lmt_disableupdate":"no","_lmt_disable":"","footnotes":""},"_links":{"self":[{"href":"https:\/\/bip.cmradzymin.pl\/index.php\/wp-json\/wp\/v2\/pages\/16"}],"collection":[{"href":"https:\/\/bip.cmradzymin.pl\/index.php\/wp-json\/wp\/v2\/pages"}],"about":[{"href":"https:\/\/bip.cmradzymin.pl\/index.php\/wp-json\/wp\/v2\/types\/page"}],"author":[{"embeddable":true,"href":"https:\/\/bip.cmradzymin.pl\/index.php\/wp-json\/wp\/v2\/users\/1"}],"replies":[{"embeddable":true,"href":"https:\/\/bip.cmradzymin.pl\/index.php\/wp-json\/wp\/v2\/comments?post=16"}],"version-history":[{"count":3,"href":"https:\/\/bip.cmradzymin.pl\/index.php\/wp-json\/wp\/v2\/pages\/16\/revisions"}],"predecessor-version":[{"id":725,"href":"https:\/\/bip.cmradzymin.pl\/index.php\/wp-json\/wp\/v2\/pages\/16\/revisions\/725"}],"wp:attachment":[{"href":"https:\/\/bip.cmradzymin.pl\/index.php\/wp-json\/wp\/v2\/media?parent=16"}],"curies":[{"name":"wp","href":"https:\/\/api.w.org\/{rel}","templated":true}]}}