
{"id":142,"date":"2023-07-15T09:31:09","date_gmt":"2023-07-15T07:31:09","guid":{"rendered":"https:\/\/egjqvnkxjq.cfolks.pl\/cmrbip\/?p=142"},"modified":"2023-07-23T18:26:53","modified_gmt":"2023-07-23T16:26:53","slug":"instrukcja-obslugi-bip","status":"publish","type":"page","link":"https:\/\/bip.cmradzymin.pl\/index.php\/instrukcja-obslugi-bip\/","title":{"rendered":"Instrukcja obs\u0142ugi BIP"},"content":{"rendered":"<section class=\"wpb-content-wrapper\"><div class=\"pdfprnt-buttons pdfprnt-buttons-page pdfprnt-top-right\"><a href=\"https:\/\/bip.cmradzymin.pl\/index.php\/wp-json\/wp\/v2\/pages\/142?print=pdf\" class=\"pdfprnt-button pdfprnt-button-pdf\" target=\"_blank\"><img decoding=\"async\" src=\"https:\/\/bip.cmradzymin.pl\/wp-content\/plugins\/pdf-print\/images\/pdf.png\" alt=\"image_pdf\" title=\"Download PDF\" \/><\/a><a href=\"https:\/\/bip.cmradzymin.pl\/index.php\/wp-json\/wp\/v2\/pages\/142?print=print\" class=\"pdfprnt-button pdfprnt-button-print\" target=\"_blank\"><img decoding=\"async\" src=\"https:\/\/bip.cmradzymin.pl\/wp-content\/plugins\/pdf-print\/images\/print.png\" alt=\"image_print\" title=\"Print Content\" \/><\/a><\/div><p>[vc_row][vc_column][vc_column_text]W naszym Biuletynie Informacji Publicznej (BIP) publikujemy informacje dotycz\u0105ce<br \/>prowadzonej przez nasz\u0105 organizacj\u0119 dzia\u0142alno\u015bci po\u017cytku publicznego, w tym tej finansowanej ze \u015brodk\u00f3w publicznych.<\/p>\r\n\r\n<p>Aby odnale\u017a\u0107 poszukiwane informacje, przejd\u017a na stron\u0119 g\u0142\u00f3wn\u0105 naszego BIP i:<\/p>\r\n\r\n<p>&nbsp;<\/p>\r\n\r\n<ol>\r\n<li>skorzystaj z wyszukiwarki, wpisuj\u0105c odpowiedni\u0105 fraz\u0119 w pole u g\u00f3ry strony, lub<\/li>\r\n<li>skorzystaj z odno\u015bnik\u00f3w znajduj\u0105cych si\u0119 na stronie.<\/li>\r\n<\/ol>\r\n\r\n<p>Je\u015bli nie znajdziesz poszukiwanej informacji w BIP, skontaktuj si\u0119 z nami, korzystaj\u0105c z adresu mailowego lub numeru telefonu podanego na stronie.<\/p>\r\n<p>\u00a0[\/vc_column_text][\/vc_column][\/vc_row][vc_row][vc_column][vc_column_text]\r\n\r\n\r\n\r\n\r\n[\/vc_column_text][vc_column_text]<hr class=\"hr_metryka\"><h4>\tMetryka<\/h4> <strong>Informacj\u0119 udost\u0119pni\u0142:<\/strong> Centrum Medyczne im. Bitwy Warszawskie 1920 r w Radzyminie<br \/>\tSamodzielny Publiczny Zesp\u00f3\u0142 Zak\u0142ad\u00f3w Opieki Zdrowotnej<br \/>\t<strong>Wytwarzaj\u0105cy \/ odpowiadaj\u0105cy:<\/strong> admin_bipcmr <br \/>\t<strong>Informacj\u0119 wprowadzi\u0142:<\/strong> admin_bipcmr <br \/>\t<strong>Data publikacji:<\/strong> 2023-07-15  <br \/>\t<strong>Ostatnia modyfikacja:<\/strong> 2023-07-23 18:26 przez admin_bipcmr <\/p>\r\n<div class=\"post-views content-post post-142 entry-meta\">\r\n\t\t\t\t<span class=\"post-views-label\">Ilo\u015b\u0107 wy\u015bwietle\u0144 strony:<\/span> <span class=\"post-views-count\">103<\/span>\r\n\t\t\t<\/div>[\/vc_column_text][\/vc_column][\/vc_row]<\/p><\/section>","protected":false},"excerpt":{"rendered":"<p>[vc_row][vc_column][vc_column_text]W naszym Biuletynie Informacji Publicznej (BIP) publikujemy informacje dotycz\u0105ceprowadzonej przez nasz\u0105 organizacj\u0119 dzia\u0142alno\u015bci po\u017cytku publicznego, w tym tej finansowanej ze \u015brodk\u00f3w publicznych. Aby odnale\u017a\u0107 poszukiwane informacje, przejd\u017a na stron\u0119 g\u0142\u00f3wn\u0105 naszego BIP i: &nbsp; skorzystaj z wyszukiwarki, wpisuj\u0105c odpowiedni\u0105 fraz\u0119 w pole u g\u00f3ry strony, lub skorzystaj z odno\u015bnik\u00f3w znajduj\u0105cych si\u0119 na stronie. Je\u015bli nie&hellip;<\/p>\n","protected":false},"author":1,"featured_media":0,"parent":0,"menu_order":0,"comment_status":"closed","ping_status":"closed","template":"","meta":{"_lmt_disableupdate":"no","_lmt_disable":"","footnotes":""},"_links":{"self":[{"href":"https:\/\/bip.cmradzymin.pl\/index.php\/wp-json\/wp\/v2\/pages\/142"}],"collection":[{"href":"https:\/\/bip.cmradzymin.pl\/index.php\/wp-json\/wp\/v2\/pages"}],"about":[{"href":"https:\/\/bip.cmradzymin.pl\/index.php\/wp-json\/wp\/v2\/types\/page"}],"author":[{"embeddable":true,"href":"https:\/\/bip.cmradzymin.pl\/index.php\/wp-json\/wp\/v2\/users\/1"}],"replies":[{"embeddable":true,"href":"https:\/\/bip.cmradzymin.pl\/index.php\/wp-json\/wp\/v2\/comments?post=142"}],"version-history":[{"count":1,"href":"https:\/\/bip.cmradzymin.pl\/index.php\/wp-json\/wp\/v2\/pages\/142\/revisions"}],"predecessor-version":[{"id":707,"href":"https:\/\/bip.cmradzymin.pl\/index.php\/wp-json\/wp\/v2\/pages\/142\/revisions\/707"}],"wp:attachment":[{"href":"https:\/\/bip.cmradzymin.pl\/index.php\/wp-json\/wp\/v2\/media?parent=142"}],"curies":[{"name":"wp","href":"https:\/\/api.w.org\/{rel}","templated":true}]}}