
{"id":12,"date":"2023-07-13T00:47:42","date_gmt":"2023-07-12T22:47:42","guid":{"rendered":"https:\/\/egjqvnkxjq.cfolks.pl\/cmrbip\/?page_id=12"},"modified":"2023-07-23T16:27:24","modified_gmt":"2023-07-23T14:27:24","slug":"zaswiadczenie-o-numerze-identyfikacyjnym-regon","status":"publish","type":"page","link":"https:\/\/bip.cmradzymin.pl\/index.php\/zaswiadczenie-o-numerze-identyfikacyjnym-regon\/","title":{"rendered":"Za\u015bwiadczenie o numerze identyfikacyjnym REGON"},"content":{"rendered":"<section class=\"wpb-content-wrapper\"><div class=\"pdfprnt-buttons pdfprnt-buttons-page pdfprnt-top-right\"><a href=\"https:\/\/bip.cmradzymin.pl\/index.php\/wp-json\/wp\/v2\/pages\/12?print=pdf\" class=\"pdfprnt-button pdfprnt-button-pdf\" target=\"_blank\"><img decoding=\"async\" src=\"https:\/\/bip.cmradzymin.pl\/wp-content\/plugins\/pdf-print\/images\/pdf.png\" alt=\"image_pdf\" title=\"Download PDF\" \/><\/a><a href=\"https:\/\/bip.cmradzymin.pl\/index.php\/wp-json\/wp\/v2\/pages\/12?print=print\" class=\"pdfprnt-button pdfprnt-button-print\" target=\"_blank\"><img decoding=\"async\" src=\"https:\/\/bip.cmradzymin.pl\/wp-content\/plugins\/pdf-print\/images\/print.png\" alt=\"image_print\" title=\"Print Content\" \/><\/a><\/div><p>[vc_row][vc_column][vc_column_text]REGON Centrum Medycznego im. Bitwy Warszawskiej 1920 r. w Radzyminie \u2013 Samodzielny Publiczny Zesp\u00f3\u0142 Zak\u0142ad\u00f3w Opieki Zdrowotnej[\/vc_column_text][\/vc_column][\/vc_row][vc_row][vc_column][vc_column_text]\r\n\r\n\t\t\t<div class=\"download-attachments\">\r\n\t\r\n\t\t\t<h3 class=\"download-title\">Pliki do pobrania<\/h3>\t\r\n\r\n\r\n\r\n\t<ul class=\"da-attachments-list\">\r\n\r\n\t\r\n\t\t\r\n\t\t<li class=\"pdf\">\r\n\r\n\t\t\t\r\n\t\t\t\t\t\t\t<img decoding=\"async\" class=\"attachment-icon\" src=\"https:\/\/bip.cmradzymin.pl\/wp-content\/plugins\/download-attachments\/images\/ext\/pdf.gif\" alt=\"pdf\" \/>\r\n\t\t\t\r\n\t\t\t\r\n\t\t\t<a href=\"https:\/\/bip.cmradzymin.pl\/wp-content\/plugins\/download-attachments\/includes\/download.php?id=135\" title=\"Zaswiadczenie_o_numerze_identyfikacyjnym_REGON\" class=\"attachment-link\" target=\"_blank\">Zaswiadczenie_o_numerze_identyfikacyjnym_REGON<\/a>\r\n\t\t\t\r\n\t\t\t<br \/>\r\n\r\n\t\t\t\r\n\t\t\t\r\n\t\t\t\t\t\t\t<span class=\"attachment-date\"><span class=\"attachment-label\">Data dodania:<\/span> 2023-07-15 03:01<\/span>\r\n\t\t\t\r\n\t\t\t\t\t\t\t<span class=\"attachment-user\"><span class=\"attachment-label\">Dodany przez:<\/span> admin_bipcmr<\/span>\r\n\t\t\t\r\n\t\t\t\t\t\t\t<span class=\"attachment-size\"><span class=\"attachment-label\">Wielko\u015b\u0107 pliku:<\/span> 280 KB<\/span>\r\n\t\t\t\r\n\t\t\t\r\n\t\t<\/li>\r\n\r\n\t\r\n\t<\/ul>\r\n\r\n\r\n\r\n\t<\/div>\r\n[\/vc_column_text][vc_column_text]<hr class=\"hr_metryka\"><h4>\tMetryka<\/h4> <strong>Informacj\u0119 udost\u0119pni\u0142:<\/strong> Centrum Medyczne im. Bitwy Warszawskie 1920 r w Radzyminie<br \/>\tSamodzielny Publiczny Zesp\u00f3\u0142 Zak\u0142ad\u00f3w Opieki Zdrowotnej<br \/>\t<strong>Wytwarzaj\u0105cy \/ odpowiadaj\u0105cy:<\/strong> admin_bipcmr <br \/>\t<strong>Informacj\u0119 wprowadzi\u0142:<\/strong> admin_bipcmr <br \/>\t<strong>Data publikacji:<\/strong> 2023-07-13  <br \/>\t<strong>Ostatnia modyfikacja:<\/strong> 2023-07-23 16:27 przez admin_bipcmr <\/p>\n<div class=\"post-views content-post post-12 entry-meta\">\r\n\t\t\t\t<span class=\"post-views-label\">Ilo\u015b\u0107 wy\u015bwietle\u0144 strony:<\/span> <span class=\"post-views-count\">428<\/span>\r\n\t\t\t<\/div>[\/vc_column_text][\/vc_column][\/vc_row]<\/p>\n<\/section>","protected":false},"excerpt":{"rendered":"<p>[vc_row][vc_column][vc_column_text]REGON Centrum Medycznego im. Bitwy Warszawskiej 1920 r. w Radzyminie \u2013 Samodzielny Publiczny Zesp\u00f3\u0142 Zak\u0142ad\u00f3w Opieki Zdrowotnej[\/vc_column_text][\/vc_column][\/vc_row][vc_row][vc_column][vc_column_text][\/vc_column_text][vc_column_text] [\/vc_column_text][\/vc_column][\/vc_row]<\/p>\n","protected":false},"author":1,"featured_media":0,"parent":0,"menu_order":0,"comment_status":"closed","ping_status":"closed","template":"","meta":{"_lmt_disableupdate":"no","_lmt_disable":"no","footnotes":""},"_links":{"self":[{"href":"https:\/\/bip.cmradzymin.pl\/index.php\/wp-json\/wp\/v2\/pages\/12"}],"collection":[{"href":"https:\/\/bip.cmradzymin.pl\/index.php\/wp-json\/wp\/v2\/pages"}],"about":[{"href":"https:\/\/bip.cmradzymin.pl\/index.php\/wp-json\/wp\/v2\/types\/page"}],"author":[{"embeddable":true,"href":"https:\/\/bip.cmradzymin.pl\/index.php\/wp-json\/wp\/v2\/users\/1"}],"replies":[{"embeddable":true,"href":"https:\/\/bip.cmradzymin.pl\/index.php\/wp-json\/wp\/v2\/comments?post=12"}],"version-history":[{"count":9,"href":"https:\/\/bip.cmradzymin.pl\/index.php\/wp-json\/wp\/v2\/pages\/12\/revisions"}],"predecessor-version":[{"id":136,"href":"https:\/\/bip.cmradzymin.pl\/index.php\/wp-json\/wp\/v2\/pages\/12\/revisions\/136"}],"wp:attachment":[{"href":"https:\/\/bip.cmradzymin.pl\/index.php\/wp-json\/wp\/v2\/media?parent=12"}],"curies":[{"name":"wp","href":"https:\/\/api.w.org\/{rel}","templated":true}]}}